{"id":524,"date":"2024-03-26T14:26:04","date_gmt":"2024-03-26T14:26:04","guid":{"rendered":"https:\/\/clinicamaestri.com.br\/itajai\/?page_id=524"},"modified":"2024-07-15T17:52:04","modified_gmt":"2024-07-15T17:52:04","slug":"contato","status":"publish","type":"page","link":"https:\/\/clinicamaestri.com.br\/itajai\/contato\/","title":{"rendered":"Contato"},"content":{"rendered":"\t\t<div data-elementor-type=\"wp-page\" data-elementor-id=\"524\" class=\"elementor elementor-524\" data-elementor-post-type=\"page\">\n\t\t\t\t\t\t<section class=\"elementor-section elementor-top-section elementor-element elementor-element-bebc43f elementor-section-boxed elementor-section-height-default elementor-section-height-default wpr-particle-no wpr-jarallax-no wpr-parallax-no wpr-sticky-section-no wpr-equal-height-no\" data-id=\"bebc43f\" data-element_type=\"section\">\n\t\t\t\t\t\t<div class=\"elementor-container elementor-column-gap-default\">\n\t\t\t\t\t<div class=\"elementor-column elementor-col-50 elementor-top-column elementor-element elementor-element-3fc7943d\" data-id=\"3fc7943d\" data-element_type=\"column\">\n\t\t\t<div class=\"elementor-widget-wrap elementor-element-populated\">\n\t\t\t\t\t\t<div class=\"elementor-element elementor-element-6564ed21 elementor-widget-mobile__width-initial wpr-step-type-number_text wpr-step-content-layout-vertical wpr-custom-styles-yes elementor-widget elementor-widget-wpr-form-builder\" data-id=\"6564ed21\" data-element_type=\"widget\" data-settings=\"{&quot;success_message&quot;:&quot;Submission successful&quot;,&quot;error_message&quot;:&quot;Submission failed&quot;,&quot;button_width&quot;:{&quot;unit&quot;:&quot;%&quot;,&quot;size&quot;:100,&quot;sizes&quot;:[]},&quot;button_width_tablet&quot;:{&quot;unit&quot;:&quot;px&quot;,&quot;size&quot;:&quot;&quot;,&quot;sizes&quot;:[]},&quot;button_width_mobile&quot;:{&quot;unit&quot;:&quot;px&quot;,&quot;size&quot;:&quot;&quot;,&quot;sizes&quot;:[]},&quot;step_type&quot;:&quot;number_text&quot;,&quot;step_content_layout&quot;:&quot;vertical&quot;}\" data-widget_type=\"wpr-form-builder.default\">\n\t\t\t\t<div class=\"elementor-widget-container\">\n\t\t\t\t\t\t\t<form class=\"wpr-form\" method=\"post\" name=\"New Form\" page=\"Contato\" page_id=\"524\" novalidate>\n\t\t\t<input type=\"hidden\" name=\"post_id\" value=\"524\"\/>\n\t\t\t<input type=\"hidden\" name=\"form_id\" value=\"6564ed21\"\/>\n\t\t\t<input type=\"hidden\" name=\"referer_title\" value=\"\" \/>\n\n\t\t\t<div class=\"wpr-step-wrap\"><\/div>\n\t\t\t<div class=\"wpr-form-fields-wrap wpr-labels-above\">\n\t\t\t\t\t\t\t\t\t<div class=\"wpr-form-field-type-text wpr-field-group wpr-column wpr-field-group-name elementor-repeater-item-da13b0e\">\n\t\t\t\t\t\t\t\t\t\t\t\t\t\t<label for=\"form-field-name\" class=\"wpr-form-field-label\" data-alt-label=\"Name\">\n\t\t\t\t\t\t\t\t\tName\t\t\t\t\t\t\t\t<\/label>\n\t\t\t\t\t\t\t<input size=\"1 \"type=\"text\" name=\"form_fields[name]\" id=\"form-field-name\" class=\"wpr-form-field  wpr-form-field-textual\">\t\t\t\t\t<\/div>\n\t\t\t\t\t\t\t\t\t<div class=\"wpr-form-field-type-tel wpr-field-group wpr-column wpr-field-group-986b5ae elementor-repeater-item-986b5ae\">\n\t\t\t\t\t\t\t\t\t\t\t\t\t\t<label for=\"form-field-986b5ae\" class=\"wpr-form-field-label\" data-alt-label=\"WhatsApp\">\n\t\t\t\t\t\t\t\t\tWhatsApp\t\t\t\t\t\t\t\t<\/label>\n\t\t\t\t\t\t\t<input size=\"1 \"type=\"tel\" name=\"form_fields[986b5ae]\" id=\"form-field-986b5ae\" class=\"wpr-form-field  wpr-form-field-textual\">\t\t\t\t\t<\/div>\n\t\t\t\t\t\t\t\t\t<div class=\"wpr-form-field-type-email wpr-field-group wpr-column wpr-field-group-email elementor-repeater-item-f8772aa wpr-form-field-required\">\n\t\t\t\t\t\t\t\t\t\t\t\t\t\t<label for=\"form-field-email\" class=\"wpr-form-field-label\" data-alt-label=\"Email\">\n\t\t\t\t\t\t\t\t\tEmail\t\t\t\t\t\t\t\t<\/label>\n\t\t\t\t\t\t\t<input size=\"1 \"type=\"email\" name=\"form_fields[email]\" id=\"form-field-email\" class=\"wpr-form-field  wpr-form-field-textual\" required=\"required\" aria-required=\"true\">\t\t\t\t\t<\/div>\n\t\t\t\t<div class=\"wpr-field-group wpr-stp-btns-wrap wpr-column wpr-form-field-type-submit\" data-actions=\"[&quot;email&quot;]\" data-redirect-url=\"\" data-mailchimp-fields=\"{&quot;email_field&quot;:&quot;&quot;,&quot;first_name_field&quot;:&quot;&quot;,&quot;last_name_field&quot;:&quot;&quot;,&quot;address_field&quot;:&quot;&quot;,&quot;phone_field&quot;:&quot;&quot;,&quot;birthday_field&quot;:&quot;&quot;,&quot;group_id&quot;:&quot;&quot;}\" data-list-id=\"\">\t\t\t<button type=\"submit\" class=\"wpr-button\">\n\t\t\t\t<span >\n\t\t\t\t\t\t\t\t\t\t\t\t\t\t\t\t<span>ENVIAR<\/span>\n\t\t\t\t\t\t\t\t\t\t\t\t\t\t<\/span>\t\n\t\t\t\t<div class=\"wpr-double-bounce wpr-loader-hidden\">\n\t\t\t\t\t<div class=\"wpr-child wpr-double-bounce1\"><\/div>\n\t\t\t\t\t<div class=\"wpr-child wpr-double-bounce2\"><\/div>\n\t\t\t\t<\/div>\n\t\t\t<\/button>\n\t\t<\/div>\t\t\t\t\n\t\t\t<\/div>\n\t\t<\/form>\n\t  \t\t\t\t<\/div>\n\t\t\t\t<\/div>\n\t\t\t\t\t<\/div>\n\t\t<\/div>\n\t\t\t\t<div class=\"elementor-column elementor-col-50 elementor-top-column elementor-element elementor-element-26668e2d\" data-id=\"26668e2d\" data-element_type=\"column\">\n\t\t\t<div class=\"elementor-widget-wrap elementor-element-populated\">\n\t\t\t\t\t\t<div class=\"elementor-element elementor-element-107dbca2 elementor-widget elementor-widget-heading\" data-id=\"107dbca2\" data-element_type=\"widget\" data-widget_type=\"heading.default\">\n\t\t\t\t<div class=\"elementor-widget-container\">\n\t\t\t\t\t<h2 class=\"elementor-heading-title elementor-size-default\">Entre em contato<\/h2>\t\t\t\t<\/div>\n\t\t\t\t<\/div>\n\t\t\t\t<div class=\"elementor-element elementor-element-244f1a27 elementor-widget-divider--view-line elementor-widget elementor-widget-divider\" data-id=\"244f1a27\" data-element_type=\"widget\" data-widget_type=\"divider.default\">\n\t\t\t\t<div class=\"elementor-widget-container\">\n\t\t\t\t\t\t\t<div class=\"elementor-divider\">\n\t\t\t<span class=\"elementor-divider-separator\">\n\t\t\t\t\t\t<\/span>\n\t\t<\/div>\n\t\t\t\t\t\t<\/div>\n\t\t\t\t<\/div>\n\t\t\t\t<div class=\"elementor-element elementor-element-1eb8b14e elementor-widget elementor-widget-text-editor\" data-id=\"1eb8b14e\" data-element_type=\"widget\" data-widget_type=\"text-editor.default\">\n\t\t\t\t<div class=\"elementor-widget-container\">\n\t\t\t\t\t\t\t\t\t<p><span style=\"color: rgb(13, 13, 13); font-family: ui-sans-serif, -apple-system, system-ui, &quot;Segoe UI&quot;, Roboto, Ubuntu, Cantarell, &quot;Noto Sans&quot;, sans-serif, Helvetica, &quot;Apple Color Emoji&quot;, Arial, &quot;Segoe UI Emoji&quot;, &quot;Segoe UI Symbol&quot;; font-size: 16px; white-space-collapse: preserve;\">Estamos aqui para transformar seu sorriso! Entre em contato conosco para agendar uma consulta ou tirar suas d\u00favidas. Sua sa\u00fade bucal \u00e9 nossa prioridade.<\/span><br><\/p>\t\t\t\t\t\t\t\t<\/div>\n\t\t\t\t<\/div>\n\t\t\t\t<section class=\"elementor-section elementor-inner-section elementor-element elementor-element-5cbc9bc1 elementor-section-boxed elementor-section-height-default elementor-section-height-default wpr-particle-no wpr-jarallax-no wpr-parallax-no wpr-sticky-section-no wpr-equal-height-no\" data-id=\"5cbc9bc1\" data-element_type=\"section\">\n\t\t\t\t\t\t<div class=\"elementor-container elementor-column-gap-default\">\n\t\t\t\t\t<div class=\"elementor-column elementor-col-100 elementor-inner-column elementor-element elementor-element-39536f09\" data-id=\"39536f09\" data-element_type=\"column\">\n\t\t\t<div class=\"elementor-widget-wrap elementor-element-populated\">\n\t\t\t\t\t\t<div class=\"elementor-element elementor-element-22186bd3 elementor-widget elementor-widget-heading\" data-id=\"22186bd3\" data-element_type=\"widget\" data-widget_type=\"heading.default\">\n\t\t\t\t<div class=\"elementor-widget-container\">\n\t\t\t\t\t<h2 class=\"elementor-heading-title elementor-size-default\">ITAJA\u00cd\/SC<\/h2>\t\t\t\t<\/div>\n\t\t\t\t<\/div>\n\t\t\t\t<div class=\"elementor-element elementor-element-273f8538 elementor-widget__width-initial elementor-widget elementor-widget-text-editor\" data-id=\"273f8538\" data-element_type=\"widget\" data-widget_type=\"text-editor.default\">\n\t\t\t\t<div class=\"elementor-widget-container\">\n\t\t\t\t\t\t\t\t\t<p><strong><span style=\"vertical-align: inherit;\"><span style=\"vertical-align: inherit;\">S\u00c3O JUDAS<\/span><\/span><\/strong><\/p><p><span style=\"vertical-align: inherit;\"><span style=\"vertical-align: inherit;\">R. Gaspar, 236 &#8211; sala 1 &#8211; S\u00e3o Judas, Itaja\u00ed &#8211; SC, 88303-320<\/span><\/span><\/p><p><span style=\"vertical-align: inherit;\"><span style=\"vertical-align: inherit;\"><span style=\"vertical-align: inherit;\"><span style=\"vertical-align: inherit;\">(47)99181-2675<\/span><\/span><\/span><\/span><\/p>\t\t\t\t\t\t\t\t<\/div>\n\t\t\t\t<\/div>\n\t\t\t\t<div class=\"elementor-element elementor-element-2150619 elementor-widget-mobile__width-initial elementor-widget elementor-widget-text-editor\" data-id=\"2150619\" data-element_type=\"widget\" data-widget_type=\"text-editor.default\">\n\t\t\t\t<div class=\"elementor-widget-container\">\n\t\t\t\t\t\t\t\t\t<p><strong>CORDEIROS<\/strong><\/p><p>R. Dr. Reinaldo Schmithausen, 2350 &#8211; 1 andar &#8211; Cordeiros, Itaja\u00ed &#8211; SC, 88311-480<\/p><p>(47)99181- 2675<\/p>\t\t\t\t\t\t\t\t<\/div>\n\t\t\t\t<\/div>\n\t\t\t\t\t<\/div>\n\t\t<\/div>\n\t\t\t\t\t<\/div>\n\t\t<\/section>\n\t\t\t\t\t<\/div>\n\t\t<\/div>\n\t\t\t\t\t<\/div>\n\t\t<\/section>\n\t\t<div class=\"elementor-element elementor-element-476803f e-flex e-con-boxed wpr-particle-no wpr-jarallax-no wpr-parallax-no wpr-sticky-section-no wpr-equal-height-no e-con e-parent\" data-id=\"476803f\" data-element_type=\"container\">\n\t\t\t\t\t<div class=\"e-con-inner\">\n\t\t\t\t<div class=\"elementor-element elementor-element-13012f8 elementor-widget elementor-widget-image-gallery\" data-id=\"13012f8\" data-element_type=\"widget\" data-widget_type=\"image-gallery.default\">\n\t\t\t\t<div class=\"elementor-widget-container\">\n\t\t\t\t\t\t\t<div class=\"elementor-image-gallery\">\n\t\t\t<div id='gallery-1' class='gallery galleryid-524 gallery-columns-4 gallery-size-thumbnail'><figure class='gallery-item'>\n\t\t\t<div class='gallery-icon landscape'>\n\t\t\t\t<a data-elementor-open-lightbox=\"yes\" data-elementor-lightbox-slideshow=\"13012f8\" data-elementor-lightbox-title=\"MAESTRI ODONTOLOGIA\" data-e-action-hash=\"#elementor-action%3Aaction%3Dlightbox%26settings%3DeyJpZCI6NzgxLCJ1cmwiOiJodHRwczpcL1wvY2xpbmljYW1hZXN0cmkuY29tLmJyXC9pdGFqYWlcL3dwLWNvbnRlbnRcL3VwbG9hZHNcLzIwMjRcLzA1XC9NQVJDT1MtNC5qcGciLCJzbGlkZXNob3ciOiIxMzAxMmY4In0%3D\" href='https:\/\/clinicamaestri.com.br\/itajai\/wp-content\/uploads\/2024\/05\/MARCOS-4.jpg'><img decoding=\"async\" width=\"150\" height=\"150\" src=\"https:\/\/clinicamaestri.com.br\/itajai\/wp-content\/uploads\/2024\/05\/MARCOS-4-150x150.jpg\" class=\"attachment-thumbnail size-thumbnail\" alt=\"\" srcset=\"https:\/\/clinicamaestri.com.br\/itajai\/wp-content\/uploads\/2024\/05\/MARCOS-4-150x150.jpg 150w, https:\/\/clinicamaestri.com.br\/itajai\/wp-content\/uploads\/2024\/05\/MARCOS-4-300x300.jpg 300w, https:\/\/clinicamaestri.com.br\/itajai\/wp-content\/uploads\/2024\/05\/MARCOS-4-768x768.jpg 768w, https:\/\/clinicamaestri.com.br\/itajai\/wp-content\/uploads\/2024\/05\/MARCOS-4-230x230.jpg 230w, https:\/\/clinicamaestri.com.br\/itajai\/wp-content\/uploads\/2024\/05\/MARCOS-4-400x400.jpg 400w, https:\/\/clinicamaestri.com.br\/itajai\/wp-content\/uploads\/2024\/05\/MARCOS-4-600x600.jpg 600w, https:\/\/clinicamaestri.com.br\/itajai\/wp-content\/uploads\/2024\/05\/MARCOS-4-640x640.jpg 640w, https:\/\/clinicamaestri.com.br\/itajai\/wp-content\/uploads\/2024\/05\/MARCOS-4.jpg 1024w\" sizes=\"(max-width: 150px) 100vw, 150px\" \/><\/a>\n\t\t\t<\/div><\/figure><figure class='gallery-item'>\n\t\t\t<div class='gallery-icon landscape'>\n\t\t\t\t<a data-elementor-open-lightbox=\"yes\" data-elementor-lightbox-slideshow=\"13012f8\" data-elementor-lightbox-title=\"MAESTRI ODONTOLOGIA\" data-e-action-hash=\"#elementor-action%3Aaction%3Dlightbox%26settings%3DeyJpZCI6Nzc5LCJ1cmwiOiJodHRwczpcL1wvY2xpbmljYW1hZXN0cmkuY29tLmJyXC9pdGFqYWlcL3dwLWNvbnRlbnRcL3VwbG9hZHNcLzIwMjRcLzA1XC9ST05BTERPLTUuanBnIiwic2xpZGVzaG93IjoiMTMwMTJmOCJ9\" href='https:\/\/clinicamaestri.com.br\/itajai\/wp-content\/uploads\/2024\/05\/RONALDO-5.jpg'><img decoding=\"async\" width=\"150\" height=\"150\" src=\"https:\/\/clinicamaestri.com.br\/itajai\/wp-content\/uploads\/2024\/05\/RONALDO-5-150x150.jpg\" class=\"attachment-thumbnail size-thumbnail\" alt=\"\" srcset=\"https:\/\/clinicamaestri.com.br\/itajai\/wp-content\/uploads\/2024\/05\/RONALDO-5-150x150.jpg 150w, https:\/\/clinicamaestri.com.br\/itajai\/wp-content\/uploads\/2024\/05\/RONALDO-5-300x300.jpg 300w, https:\/\/clinicamaestri.com.br\/itajai\/wp-content\/uploads\/2024\/05\/RONALDO-5-1024x1022.jpg 1024w, https:\/\/clinicamaestri.com.br\/itajai\/wp-content\/uploads\/2024\/05\/RONALDO-5-768x767.jpg 768w, https:\/\/clinicamaestri.com.br\/itajai\/wp-content\/uploads\/2024\/05\/RONALDO-5-230x230.jpg 230w, https:\/\/clinicamaestri.com.br\/itajai\/wp-content\/uploads\/2024\/05\/RONALDO-5-400x400.jpg 400w, https:\/\/clinicamaestri.com.br\/itajai\/wp-content\/uploads\/2024\/05\/RONALDO-5-600x599.jpg 600w, https:\/\/clinicamaestri.com.br\/itajai\/wp-content\/uploads\/2024\/05\/RONALDO-5-640x640.jpg 640w, https:\/\/clinicamaestri.com.br\/itajai\/wp-content\/uploads\/2024\/05\/RONALDO-5.jpg 1208w\" sizes=\"(max-width: 150px) 100vw, 150px\" \/><\/a>\n\t\t\t<\/div><\/figure><figure class='gallery-item'>\n\t\t\t<div class='gallery-icon landscape'>\n\t\t\t\t<a data-elementor-open-lightbox=\"yes\" data-elementor-lightbox-slideshow=\"13012f8\" data-elementor-lightbox-title=\"MAESTRI ODONTOLOGIA\" data-e-action-hash=\"#elementor-action%3Aaction%3Dlightbox%26settings%3DeyJpZCI6MjQ4LCJ1cmwiOiJodHRwczpcL1wvY2xpbmljYW1hZXN0cmkuY29tLmJyXC9pdGFqYWlcL3dwLWNvbnRlbnRcL3VwbG9hZHNcLzIwMjRcLzAxXC8xNS5qcGciLCJzbGlkZXNob3ciOiIxMzAxMmY4In0%3D\" href='https:\/\/clinicamaestri.com.br\/itajai\/wp-content\/uploads\/2024\/01\/15.jpg'><img decoding=\"async\" width=\"150\" height=\"150\" src=\"https:\/\/clinicamaestri.com.br\/itajai\/wp-content\/uploads\/2024\/01\/15-150x150.jpg\" class=\"attachment-thumbnail size-thumbnail\" alt=\"\" srcset=\"https:\/\/clinicamaestri.com.br\/itajai\/wp-content\/uploads\/2024\/01\/15-150x150.jpg 150w, https:\/\/clinicamaestri.com.br\/itajai\/wp-content\/uploads\/2024\/01\/15-300x300.jpg 300w, https:\/\/clinicamaestri.com.br\/itajai\/wp-content\/uploads\/2024\/01\/15-1024x1024.jpg 1024w, https:\/\/clinicamaestri.com.br\/itajai\/wp-content\/uploads\/2024\/01\/15-768x768.jpg 768w, https:\/\/clinicamaestri.com.br\/itajai\/wp-content\/uploads\/2024\/01\/15.jpg 1080w\" sizes=\"(max-width: 150px) 100vw, 150px\" \/><\/a>\n\t\t\t<\/div><\/figure><figure class='gallery-item'>\n\t\t\t<div class='gallery-icon landscape'>\n\t\t\t\t<a data-elementor-open-lightbox=\"yes\" data-elementor-lightbox-slideshow=\"13012f8\" data-elementor-lightbox-title=\"MAESTRI ODONTOLOGIA\" data-e-action-hash=\"#elementor-action%3Aaction%3Dlightbox%26settings%3DeyJpZCI6MjQzLCJ1cmwiOiJodHRwczpcL1wvY2xpbmljYW1hZXN0cmkuY29tLmJyXC9pdGFqYWlcL3dwLWNvbnRlbnRcL3VwbG9hZHNcLzIwMjRcLzAxXC8xMC5qcGciLCJzbGlkZXNob3ciOiIxMzAxMmY4In0%3D\" href='https:\/\/clinicamaestri.com.br\/itajai\/wp-content\/uploads\/2024\/01\/10.jpg'><img loading=\"lazy\" decoding=\"async\" width=\"150\" height=\"150\" src=\"https:\/\/clinicamaestri.com.br\/itajai\/wp-content\/uploads\/2024\/01\/10-150x150.jpg\" class=\"attachment-thumbnail size-thumbnail\" alt=\"\" srcset=\"https:\/\/clinicamaestri.com.br\/itajai\/wp-content\/uploads\/2024\/01\/10-150x150.jpg 150w, https:\/\/clinicamaestri.com.br\/itajai\/wp-content\/uploads\/2024\/01\/10-300x300.jpg 300w, https:\/\/clinicamaestri.com.br\/itajai\/wp-content\/uploads\/2024\/01\/10-1024x1024.jpg 1024w, https:\/\/clinicamaestri.com.br\/itajai\/wp-content\/uploads\/2024\/01\/10-768x768.jpg 768w, https:\/\/clinicamaestri.com.br\/itajai\/wp-content\/uploads\/2024\/01\/10.jpg 1080w\" sizes=\"(max-width: 150px) 100vw, 150px\" \/><\/a>\n\t\t\t<\/div><\/figure>\n\t\t<\/div>\n\t\t<\/div>\n\t\t\t\t\t\t<\/div>\n\t\t\t\t<\/div>\n\t\t\t\t\t<\/div>\n\t\t\t\t<\/div>\n\t\t\t\t<\/div>\n\t\t","protected":false},"excerpt":{"rendered":"<p>Name WhatsApp Email ENVIAR Entre em contato Estamos aqui para transformar seu sorriso! Entre em contato conosco para agendar uma consulta ou tirar suas d\u00favidas. Sua sa\u00fade bucal \u00e9 nossa prioridade. ITAJA\u00cd\/SC S\u00c3O JUDAS R. Gaspar, 236 &#8211; sala 1 &#8211; S\u00e3o Judas, Itaja\u00ed &#8211; SC, 88303-320 (47)99181-2675 CORDEIROS R. Dr. Reinaldo Schmithausen, 2350 &#8211; 1 andar &#8211; Cordeiros, Itaja\u00ed &#8211; SC, 88311-480 (47)99181- 2675<\/p>\n","protected":false},"author":2,"featured_media":0,"parent":0,"menu_order":0,"comment_status":"closed","ping_status":"closed","template":"","meta":{"footnotes":""},"class_list":["post-524","page","type-page","status-publish","hentry"],"_links":{"self":[{"href":"https:\/\/clinicamaestri.com.br\/itajai\/wp-json\/wp\/v2\/pages\/524","targetHints":{"allow":["GET"]}}],"collection":[{"href":"https:\/\/clinicamaestri.com.br\/itajai\/wp-json\/wp\/v2\/pages"}],"about":[{"href":"https:\/\/clinicamaestri.com.br\/itajai\/wp-json\/wp\/v2\/types\/page"}],"author":[{"embeddable":true,"href":"https:\/\/clinicamaestri.com.br\/itajai\/wp-json\/wp\/v2\/users\/2"}],"replies":[{"embeddable":true,"href":"https:\/\/clinicamaestri.com.br\/itajai\/wp-json\/wp\/v2\/comments?post=524"}],"version-history":[{"count":25,"href":"https:\/\/clinicamaestri.com.br\/itajai\/wp-json\/wp\/v2\/pages\/524\/revisions"}],"predecessor-version":[{"id":1297,"href":"https:\/\/clinicamaestri.com.br\/itajai\/wp-json\/wp\/v2\/pages\/524\/revisions\/1297"}],"wp:attachment":[{"href":"https:\/\/clinicamaestri.com.br\/itajai\/wp-json\/wp\/v2\/media?parent=524"}],"curies":[{"name":"wp","href":"https:\/\/api.w.org\/{rel}","templated":true}]}}